{"id":40,"date":"2023-11-28T01:25:47","date_gmt":"2023-11-28T01:25:47","guid":{"rendered":"https:\/\/ie4g.com.mx\/?page_id=40"},"modified":"2023-11-28T01:42:10","modified_gmt":"2023-11-28T01:42:10","slug":"nuestra-historia","status":"publish","type":"page","link":"https:\/\/ie4g.com.mx\/index.php\/nuestra-historia\/","title":{"rendered":"Nuestra Historia"},"content":{"rendered":"\n<div class=\"wp-block-group alignfull has-accent-background-color has-background has-global-padding is-layout-constrained wp-container-core-group-is-layout-669513ed wp-block-group-is-layout-constrained\" style=\"margin-top:0;margin-bottom:0;padding-top:var(--wp--preset--spacing--50);padding-right:var(--wp--preset--spacing--50);padding-bottom:var(--wp--preset--spacing--50);padding-left:var(--wp--preset--spacing--50)\">\n<div class=\"wp-block-columns alignwide is-layout-flex wp-container-core-columns-is-layout-1da03c2a wp-block-columns-is-layout-flex\">\n<div class=\"wp-block-column is-vertically-aligned-stretch is-layout-flow wp-block-column-is-layout-flow\" style=\"flex-basis:50%\">\n<div class=\"wp-block-group is-vertical is-content-justification-stretch is-layout-flex wp-container-core-group-is-layout-444d5ee8 wp-block-group-is-layout-flex\" style=\"min-height:100%\">\n<p class=\"has-heading-font-family has-x-large-font-size\" style=\"line-height:1.2\">Nuestra Historia es como la de Muchas Empresas que Inician en Mexico.<\/p>\n<\/div>\n<\/div>\n\n\n\n<div class=\"wp-block-column is-vertically-aligned-center is-layout-flow wp-block-column-is-layout-flow\" style=\"flex-basis:50%\">\n<figure class=\"wp-block-image size-large is-style-rounded is-style-rounded--1\"><img decoding=\"async\" src=\"https:\/\/ie4g.com.mx\/wp-content\/themes\/twentytwentyfour\/assets\/images\/museum.webp\" alt=\"A ramp along a curved wall in the Kiasma Museu, Helsinki, Finland\" style=\"aspect-ratio:3\/4;object-fit:cover\"\/><\/figure>\n<\/div>\n<\/div>\n<\/div>\n\n\n\n<div class=\"wp-block-group alignfull has-base-background-color has-background has-global-padding is-layout-constrained wp-container-core-group-is-layout-d89aad35 wp-block-group-is-layout-constrained\" style=\"margin-top:0;margin-bottom:0;padding-top:var(--wp--preset--spacing--50);padding-right:var(--wp--preset--spacing--50);padding-bottom:var(--wp--preset--spacing--50);padding-left:var(--wp--preset--spacing--50)\">\n<div class=\"wp-block-columns alignwide is-layout-flex wp-container-core-columns-is-layout-549b0c86 wp-block-columns-is-layout-flex\">\n<div class=\"wp-block-column has-global-padding is-content-justification-left is-layout-constrained wp-container-core-column-is-layout-4f15e8fe wp-block-column-is-layout-constrained\" style=\"flex-basis:40%\"><\/div>\n\n\n\n<div class=\"wp-block-column is-layout-flow wp-container-core-column-is-layout-119bc444 wp-block-column-is-layout-flow\" style=\"flex-basis:60%\">\n<p class=\"has-heading-font-family has-x-large-font-size\" style=\"line-height:1.2\">Fue dif\u00edcil, pero gratificante. <\/p>\n\n\n\n<div class=\"wp-block-columns is-layout-flex wp-container-core-columns-is-layout-87beb0d0 wp-block-columns-is-layout-flex\">\n<div class=\"wp-block-column is-layout-flow wp-block-column-is-layout-flow\">\n<p>Fue un sue\u00f1o de crecer que se ha vuelto realidad atreves de los a\u00f1os. Desde un inicio, fue un reto poder conjugar tantos factores y personalidades de los socios para poder hacer una sinergia \u00fanica.<\/p>\n\n\n\n<p>A inicios del a\u00f1o 2010, Nace Integradora Empresaria 4G. como un grupo de m\u00faltiples marcas y empresas que, con el fin de un bien com\u00fan, se forma para satisfacer las necesidades de m\u00faltiples clientes que solicitan un bien o servicio en una sola unidad de negocio.<\/p>\n\n\n\n<p>Primero nace la divisi\u00f3n de Equipo M\u00e9dico. Misma que es fundamentada con las alianzas con los principales proveedores importadores de equipos a Mexico, iniciando con ventas al sector Publico Gubernamental y despu\u00e9s al sector Privado. Asi nace la marca GLOBAL MEDITECHNIK.<\/p>\n\n\n\n<p>Segundo nace la divisi\u00f3n de Automotriz. Que conjunta la comercializaci\u00f3n de lubricantes y accesorios para autos de competencia, derivando la integraci\u00f3n de componentes para el mercado automotriz comercial, agr\u00edcola y de uso particular. Especializados en l\u00edneas de lubricantes Premium. Asi nace la marca GLOBAL AUTO CENTER.<\/p>\n\n\n\n<p>Tercero nace la divisi\u00f3n de Remodelaci\u00f3n y Construcci\u00f3n. A partir de la remodelaci\u00f3n de restaurantes, cantinas y lugares de convivencia p\u00fablica. Dando lugar a la construcci\u00f3n y remodelaci\u00f3n de vivienda particular, industrial y de negocios. Despu\u00e9s crece al \u00e1rea comercial como asesores inmobiliarios certificados, aportando nuevos conceptos al ramo inmobiliario. Asi nace la marca GLOBAL CONSTRUCCION Y REMODELACION.<\/p>\n\n\n\n<p>Cuarto nace la divisi\u00f3n de Asesor\u00eda Empresarial. Donde conjuntando el Expertis de negocios de los socios y colaboradores, asesoramos a los nuevos empresarios que tienen el sue\u00f1o como cuando empezamos, ser una empresa l\u00edder y de alto crecimiento, siempre con el bien com\u00fan de ayudar a consumidor, pero sobre todo de dar empleos por el bien y crecimiento de Mexico. Asi nace la marca GLOBAL ASESORIA EMPRESARIAL.<\/p>\n<\/div>\n<\/div>\n<\/div>\n<\/div>\n<\/div>\n\n\n\n\n\n<div class=\"wp-block-group alignfull has-base-color has-contrast-background-color has-text-color has-background has-link-color wp-elements-cdf28839373502c31cfd4e4d41c89e34 has-global-padding is-layout-constrained wp-container-core-group-is-layout-d89aad35 wp-block-group-is-layout-constrained\" style=\"margin-top:0;margin-bottom:0;padding-top:var(--wp--preset--spacing--50);padding-right:var(--wp--preset--spacing--50);padding-bottom:var(--wp--preset--spacing--50);padding-left:var(--wp--preset--spacing--50)\">\n<h4 class=\"wp-block-heading alignwide has-base-color has-text-color has-link-color wp-elements-dd103099599861b5d098b52b8a7c3bdb\" style=\"font-size:clamp(1.837rem, 1.837rem + ((1vw - 0.2rem) * 2.272), 3.2rem);letter-spacing:-0.02em\">Preguntas Frecuentes<\/h4>\n\n\n\n<div class=\"wp-block-group alignwide is-layout-flow wp-block-group-is-layout-flow\">\n<hr class=\"wp-block-separator has-text-color has-base-color has-alpha-channel-opacity has-base-background-color has-background is-style-wide\"\/>\n\n\n\n<details class=\"wp-block-details is-style-arrow-icon-details has-medium-font-size is-layout-flow wp-block-details-is-layout-flow\" style=\"border-top-style:none;border-top-width:0px;border-right-style:none;border-right-width:0px;border-bottom-color:var(--wp--preset--color--base);border-bottom-style:solid;border-bottom-width:1px;border-left-style:none;border-left-width:0px;margin-top:0\"><summary>\u00bfCu\u00e1l es su proceso trabajando en proyectos Inmobiliarios ?<\/summary>\n<p class=\"has-contrast-1-color has-text-color has-link-color wp-elements-4193e19192b72cf3278d404bb75fceae\">Estudiamos su proyecto para ofrecer soluciones integrales de consultor\u00eda, gesti\u00f3n, dise\u00f1o e investigaci\u00f3n. Nuestra visi\u00f3n es estar a la vanguardia de la innovaci\u00f3n arquitect\u00f3nica, fomentando una comunidad global de arquitectos y entusiastas unidos por la pasi\u00f3n por la creaci\u00f3n de espacios. Cada proyecto arquitect\u00f3nico es una oportunidad para dar forma al futuro.<\/p>\n<\/details>\n\n\n\n<details class=\"wp-block-details is-style-arrow-icon-details has-medium-font-size is-layout-flow wp-block-details-is-layout-flow\" style=\"border-top-style:none;border-top-width:0px;border-right-style:none;border-right-width:0px;border-bottom-color:var(--wp--preset--color--base);border-bottom-style:solid;border-bottom-width:1px;border-left-style:none;border-left-width:0px;margin-top:0\"><summary>\u00bfQui\u00e9n forma su grupo de Profesionales?<\/summary>\n<p class=\"has-contrast-1-color has-text-color has-link-color wp-elements-d86095a5751fab43bd228ee994a83d9d\">Nuestro grupo de profesionales, consta de Abogados, Arquitectos, Licenciados en Administraci\u00f3n de Empresas, Ingenieros Biom\u00e9dicos, por nombrar algunos. Somos un grupo joven y solido en busca de ser los siempre los mejores.<\/p>\n<\/details>\n\n\n\n<details class=\"wp-block-details is-style-arrow-icon-details has-medium-font-size is-layout-flow wp-block-details-is-layout-flow\" style=\"border-top-style:none;border-top-width:0px;border-right-style:none;border-right-width:0px;border-bottom-color:var(--wp--preset--color--base);border-bottom-style:solid;border-bottom-width:1px;border-left-style:none;border-left-width:0px;margin-top:0\"><summary>Me gustar\u00eda contar con sus servicios, \u00bfc\u00f3mo puedo hacerlo?<\/summary>\n<p class=\"has-contrast-1-color has-text-color has-link-color wp-elements-d1675068859766047eb946786e632850\">Seg\u00fan sus requerimientos, contacte a nuestras divisiones, asi un ejecutivo experto le atender\u00e1 profesionalmente.<\/p>\n<\/details>\n\n\n\n<div style=\"margin-top:var(--wp--preset--spacing--10);margin-bottom:0;height:var(--wp--preset--spacing--10)\" aria-hidden=\"true\" class=\"wp-block-spacer\"><\/div>\n<\/div>\n<\/div>\n\n\n\n<div class=\"wp-block-group alignfull has-global-padding is-layout-constrained wp-container-core-group-is-layout-d89aad35 wp-block-group-is-layout-constrained\" style=\"margin-top:0;margin-bottom:0;padding-top:var(--wp--preset--spacing--50);padding-right:var(--wp--preset--spacing--50);padding-bottom:var(--wp--preset--spacing--50);padding-left:var(--wp--preset--spacing--50)\"><\/div>\n","protected":false},"excerpt":{"rendered":"<p>Nuestra Historia es como la de Muchas Empresas que Inician en Mexico. Fue dif\u00edcil, pero gratificante. Fue un sue\u00f1o de crecer que se ha vuelto realidad atreves de los a\u00f1os. Desde un inicio, fue un reto poder conjugar tantos factores y personalidades de los socios para poder hacer una sinergia \u00fanica. A inicios del a\u00f1o [&hellip;]<\/p>\n","protected":false},"author":1,"featured_media":0,"parent":0,"menu_order":0,"comment_status":"closed","ping_status":"closed","template":"","meta":{"footnotes":""},"class_list":["post-40","page","type-page","status-publish","hentry"],"_links":{"self":[{"href":"https:\/\/ie4g.com.mx\/index.php\/wp-json\/wp\/v2\/pages\/40","targetHints":{"allow":["GET"]}}],"collection":[{"href":"https:\/\/ie4g.com.mx\/index.php\/wp-json\/wp\/v2\/pages"}],"about":[{"href":"https:\/\/ie4g.com.mx\/index.php\/wp-json\/wp\/v2\/types\/page"}],"author":[{"embeddable":true,"href":"https:\/\/ie4g.com.mx\/index.php\/wp-json\/wp\/v2\/users\/1"}],"replies":[{"embeddable":true,"href":"https:\/\/ie4g.com.mx\/index.php\/wp-json\/wp\/v2\/comments?post=40"}],"version-history":[{"count":3,"href":"https:\/\/ie4g.com.mx\/index.php\/wp-json\/wp\/v2\/pages\/40\/revisions"}],"predecessor-version":[{"id":45,"href":"https:\/\/ie4g.com.mx\/index.php\/wp-json\/wp\/v2\/pages\/40\/revisions\/45"}],"wp:attachment":[{"href":"https:\/\/ie4g.com.mx\/index.php\/wp-json\/wp\/v2\/media?parent=40"}],"curies":[{"name":"wp","href":"https:\/\/api.w.org\/{rel}","templated":true}]}}